{"id":2395,"date":"2019-07-07T16:51:41","date_gmt":"2019-07-07T16:51:41","guid":{"rendered":"https:\/\/sktc.evpu.sk\/?page_id=2395"},"modified":"2019-08-13T12:26:21","modified_gmt":"2019-08-13T12:26:21","slug":"database-of-certificates","status":"publish","type":"page","link":"https:\/\/sktc.evpu.sk\/en\/database-of-certificates","title":{"rendered":"Database of Certificates"},"content":{"rendered":"<p>[et_pb_section fb_built=&#8221;1&#8243; custom_padding_last_edited=&#8221;on|phone&#8221; admin_label=&#8221;Page Title Section&#8221; _builder_version=&#8221;3.25.3&#8243; use_background_color_gradient=&#8221;on&#8221; background_color_gradient_start=&#8221;#313e47&#8243; background_color_gradient_end=&#8221;rgba(49,62,71,0.5)&#8221; background_color_gradient_overlays_image=&#8221;on&#8221; background_image=&#8221;https:\/\/sktc.evpu.sk\/wp-content\/uploads\/bkg.certificate.jpg&#8221; border_width_bottom=&#8221;10px&#8221; border_color_bottom=&#8221;#d1caa1&#8243; border_width_left=&#8221;0vw&#8221; border_color_left=&#8221;#1d2c57&#8243; custom_padding=&#8221;80px||80px||true&#8221; custom_padding_tablet=&#8221;50px||50px||true&#8221; custom_padding_phone=&#8221;20px||20px||true&#8221;][et_pb_row admin_label=&#8221;Page Title Area&#8221; _builder_version=&#8221;3.25&#8243; background_size=&#8221;initial&#8221; background_position=&#8221;top_left&#8221; background_repeat=&#8221;repeat&#8221;][et_pb_column type=&#8221;4_4&#8243; _builder_version=&#8221;3.25&#8243; custom_padding=&#8221;|||&#8221; custom_padding__hover=&#8221;|||&#8221;][et_pb_text _builder_version=&#8221;3.25.3&#8243; header_font=&#8221;||||||||&#8221; header_text_align=&#8221;center&#8221; header_text_color=&#8221;#ffffff&#8221; header_font_size_tablet=&#8221;35px&#8221; header_font_size_last_edited=&#8221;on|phone&#8221;]<\/p>\n<h1>Database of Certificates<\/h1>\n<p>[\/et_pb_text][\/et_pb_column][\/et_pb_row][\/et_pb_section][et_pb_section fb_built=&#8221;1&#8243; admin_label=&#8221;Project Section 01&#8243; _builder_version=&#8221;3.22.3&#8243; border_color_all=&#8221;#1B2F33&#8243; border_width_left=&#8221;0vw&#8221; border_color_left=&#8221;#545f66&#8243; custom_margin=&#8221;0px||&#8221; custom_padding=&#8221;0px|||&#8221;][et_pb_row admin_label=&#8221;Project Area 01&#8243; module_class=&#8221; et_pb_row_fullwidth&#8221; _builder_version=&#8221;3.25&#8243; width=&#8221;100%&#8221; width_tablet=&#8221;80%&#8221; width_last_edited=&#8221;on|desktop&#8221; max_width=&#8221;90%&#8221; max_width_tablet=&#8221;80%&#8221; max_width_last_edited=&#8221;on|desktop&#8221; make_fullwidth=&#8221;on&#8221;][et_pb_column type=&#8221;4_4&#8243; _builder_version=&#8221;3.25&#8243; custom_padding=&#8221;|||&#8221; custom_padding__hover=&#8221;|||&#8221;][et_pb_text _builder_version=&#8221;3.26.3&#8243; text_font=&#8221;||||||||&#8221; animation_style=&#8221;fade&#8221;]<iframe src=\"https:\/\/sktc.evpu.sk\/wp-content\/certs\/?lang=en\" width=\"99%\" id=\"certdbframe\" onload=\"this.style.height=50+this.contentDocument.body.scrollHeight +'px';\" style=\"height: 47386px;\"><\/iframe>[\/et_pb_text][et_pb_code disabled_on=&#8221;off|off|off&#8221; _builder_version=&#8221;3.26.3&#8243; locked=&#8221;off&#8221;]<script language=\"javascript\"><!-- [et_pb_line_break_holder] -->    var iframe = document.getElementById('certdbframe');<!-- [et_pb_line_break_holder] -->        iframe.src = iframe.src + window.location.search;<!-- [et_pb_line_break_holder] --><\/script>[\/et_pb_code][et_pb_code _builder_version=&#8221;3.25.4&#8243;][\/et_pb_code][\/et_pb_column][\/et_pb_row][\/et_pb_section][et_pb_section fb_built=&#8221;1&#8243; admin_label=&#8221;Footer&#8221; module_id=&#8221;global-footer&#8221; _builder_version=&#8221;3.24.1&#8243; background_color=&#8221;#66717e&#8221; parallax=&#8221;on&#8221; border_color_all=&#8221;#3b4147&#8243; border_width_right=&#8221;0vw&#8221; custom_margin=&#8221;||&#8221; custom_padding=&#8221;||0px&#8221; saved_tabs=&#8221;all&#8221;][et_pb_row column_structure=&#8221;1_2,1_2&#8243; _builder_version=&#8221;3.25&#8243;][et_pb_column type=&#8221;1_2&#8243; _builder_version=&#8221;3.25&#8243; custom_padding=&#8221;|||&#8221; custom_padding__hover=&#8221;|||&#8221;][et_pb_text _builder_version=&#8221;3.25.3&#8243; text_font=&#8221;||||||||&#8221; background_layout=&#8221;dark&#8221; custom_margin=&#8221;||0px&#8221; custom_padding=&#8221;||0px&#8221;]<\/p>\n<p>Address<\/p>\n<p>[\/et_pb_text][et_pb_divider color=&#8221;#B8B08D&#8221; divider_position=&#8221;center&#8221; divider_weight=&#8221;3px&#8221; _builder_version=&#8221;3.25.3&#8243; max_width=&#8221;70px&#8221; custom_margin=&#8221;0px||10px&#8221; custom_padding=&#8221;||&#8221; animation_style=&#8221;slide&#8221; animation_direction=&#8221;top&#8221; animation_intensity_slide=&#8221;10%&#8221; animation_starting_opacity=&#8221;100%&#8221;][\/et_pb_divider][et_pb_text _builder_version=&#8221;3.26.7&#8243; text_font=&#8221;||||||||&#8221; border_color_top=&#8221;#d1caa1&#8243; border_style_top=&#8221;dashed&#8221; background_layout=&#8221;dark&#8221;]<\/p>\n<p>EVP\u00da, a.s.<br \/> Tren\u010dianska 19<br \/> 018 51 Nov\u00e1 Dubnica<br \/>Slovak Republic<\/p>\n<p>[\/et_pb_text][\/et_pb_column][et_pb_column type=&#8221;1_2&#8243; _builder_version=&#8221;3.25&#8243; custom_padding=&#8221;|||&#8221; custom_padding__hover=&#8221;|||&#8221;][et_pb_text _builder_version=&#8221;3.25.3&#8243; text_font=&#8221;||||||||&#8221; background_layout=&#8221;dark&#8221; custom_margin=&#8221;||0px&#8221; custom_padding=&#8221;||0px&#8221;]<\/p>\n<p>Contact<\/p>\n<p>[\/et_pb_text][et_pb_divider color=&#8221;#B8B08D&#8221; divider_position=&#8221;center&#8221; divider_weight=&#8221;3px&#8221; _builder_version=&#8221;3.25.3&#8243; max_width=&#8221;70px&#8221; custom_margin=&#8221;0px||10px&#8221; custom_padding=&#8221;||&#8221; animation_style=&#8221;slide&#8221; animation_direction=&#8221;top&#8221; animation_intensity_slide=&#8221;10%&#8221; animation_starting_opacity=&#8221;100%&#8221;][\/et_pb_divider][et_pb_text _builder_version=&#8221;3.25.3&#8243; text_font=&#8221;||||||||&#8221; border_color_top=&#8221;#d1caa1&#8243; border_style_top=&#8221;dashed&#8221; background_layout=&#8221;dark&#8221;]<\/p>\n<p>Phone: +421-42-44 03 600<\/p>\n<p>E-mail: sktc101@evpu.sk<\/p>\n<p>[\/et_pb_text][et_pb_code _builder_version=&#8221;3.23.3&#8243;]<script text=\"text\/javascript\"><!-- [et_pb_line_break_holder] -->jQuery(function($){<!-- [et_pb_line_break_holder] -->function stickyFooter(){<!-- [et_pb_line_break_holder] -->var footer = $(\"#global-footer\");<!-- [et_pb_line_break_holder] -->var position = footer.position();<!-- [et_pb_line_break_holder] -->var height = $(window).height();<!-- [et_pb_line_break_holder] -->height = height - position.top;<!-- [et_pb_line_break_holder] -->height = height - footer.outerHeight();<!-- [et_pb_line_break_holder] -->if (height > 0) {<!-- [et_pb_line_break_holder] -->footer.css({'margin-top' : height+'px'});<!-- [et_pb_line_break_holder] -->}<!-- [et_pb_line_break_holder] -->}<!-- [et_pb_line_break_holder] -->stickyFooter();<!-- [et_pb_line_break_holder] -->$(window).resize(function(){<!-- [et_pb_line_break_holder] -->stickyFooter();<!-- [et_pb_line_break_holder] -->});<!-- [et_pb_line_break_holder] -->});<!-- [et_pb_line_break_holder] --><\/script>[\/et_pb_code][\/et_pb_column][\/et_pb_row][et_pb_row _builder_version=&#8221;3.25.3&#8243; background_color=&#8221;#5d6875&#8243; width=&#8221;100%&#8221; max_width=&#8221;100%&#8221;][et_pb_column type=&#8221;4_4&#8243; _builder_version=&#8221;3.25&#8243; custom_padding=&#8221;|||&#8221; custom_padding__hover=&#8221;|||&#8221;][et_pb_text _builder_version=&#8221;3.25.3&#8243; text_font=&#8221;||||||||&#8221; text_orientation=&#8221;center&#8221; background_layout=&#8221;dark&#8221; custom_margin=&#8221;||0px&#8221; custom_padding=&#8221;||0px&#8221; text_font_size_tablet=&#8221;16px&#8221; text_font_size_phone=&#8221;14px&#8221; text_font_size_last_edited=&#8221;on|phone&#8221;]All right reserved EVP\u00da, a.s. Nov\u00e1 Dubnica \u00a9 2019[\/et_pb_text][\/et_pb_column][\/et_pb_row][\/et_pb_section]<\/p>\n","protected":false},"excerpt":{"rendered":"<p>Database of CertificatesAddressEVP\u00da, a.s. Tren\u010dianska 19 018 51 Nov\u00e1 DubnicaSlovak Republic ContactPhone: +421-42-44 03 600 E-mail: sktc101@evpu.skAll right reserved EVP\u00da, a.s. Nov\u00e1 Dubnica \u00a9 2019<\/p>\n","protected":false},"author":1,"featured_media":0,"parent":0,"menu_order":0,"comment_status":"closed","ping_status":"closed","template":"","meta":{"_et_pb_use_builder":"on","_et_pb_old_content":"<!-- wp:divi\/placeholder \/-->","_et_gb_content_width":"","footnotes":""},"class_list":["post-2395","page","type-page","status-publish","hentry"],"_links":{"self":[{"href":"https:\/\/sktc.evpu.sk\/en\/wp-json\/wp\/v2\/pages\/2395","targetHints":{"allow":["GET"]}}],"collection":[{"href":"https:\/\/sktc.evpu.sk\/en\/wp-json\/wp\/v2\/pages"}],"about":[{"href":"https:\/\/sktc.evpu.sk\/en\/wp-json\/wp\/v2\/types\/page"}],"author":[{"embeddable":true,"href":"https:\/\/sktc.evpu.sk\/en\/wp-json\/wp\/v2\/users\/1"}],"replies":[{"embeddable":true,"href":"https:\/\/sktc.evpu.sk\/en\/wp-json\/wp\/v2\/comments?post=2395"}],"version-history":[{"count":7,"href":"https:\/\/sktc.evpu.sk\/en\/wp-json\/wp\/v2\/pages\/2395\/revisions"}],"predecessor-version":[{"id":2641,"href":"https:\/\/sktc.evpu.sk\/en\/wp-json\/wp\/v2\/pages\/2395\/revisions\/2641"}],"wp:attachment":[{"href":"https:\/\/sktc.evpu.sk\/en\/wp-json\/wp\/v2\/media?parent=2395"}],"curies":[{"name":"wp","href":"https:\/\/api.w.org\/{rel}","templated":true}]}}