{"id":2234,"date":"2019-07-04T08:34:16","date_gmt":"2019-07-04T08:34:16","guid":{"rendered":"https:\/\/sktc.evpu.sk\/?page_id=2234"},"modified":"2019-11-18T08:59:51","modified_gmt":"2019-11-18T08:59:51","slug":"electrical-safety","status":"publish","type":"page","link":"https:\/\/sktc.evpu.sk\/en\/services\/testing-and-conformity-assessment\/testing\/electrical-safety","title":{"rendered":"Electrical safety"},"content":{"rendered":"<p>[et_pb_section fb_built=&#8221;1&#8243; custom_padding_last_edited=&#8221;on|phone&#8221; admin_label=&#8221;Page Title Section&#8221; _builder_version=&#8221;3.25.3&#8243; use_background_color_gradient=&#8221;on&#8221; background_color_gradient_start=&#8221;#313e47&#8243; background_color_gradient_end=&#8221;rgba(49,62,71,0.5)&#8221; background_color_gradient_overlays_image=&#8221;on&#8221; background_image=&#8221;https:\/\/sktc.evpu.sk\/wp-content\/uploads\/elektricka-bezpecnost-2.jpg&#8221; custom_padding=&#8221;120px||120px|&#8221; custom_padding_tablet=&#8221;80px||80px||true&#8221; custom_padding_phone=&#8221;30px||30px||true&#8221; border_width_bottom=&#8221;10px&#8221; border_color_bottom=&#8221;#d1caa1&#8243; border_width_left=&#8221;0vw&#8221; border_color_left=&#8221;#1d2c57&#8243;][et_pb_row admin_label=&#8221;Page Title Area&#8221; _builder_version=&#8221;3.25.3&#8243; background_size=&#8221;initial&#8221; background_position=&#8221;top_left&#8221; background_repeat=&#8221;repeat&#8221; width=&#8221;89%&#8221;][et_pb_column type=&#8221;4_4&#8243; _builder_version=&#8221;3.25&#8243; custom_padding=&#8221;|||&#8221; custom_padding__hover=&#8221;|||&#8221;][et_pb_text _builder_version=&#8221;3.27.4&#8243; header_font=&#8221;||||||||&#8221; header_text_align=&#8221;left&#8221; header_text_color=&#8221;#ffffff&#8221; header_font_size_tablet=&#8221;35px&#8221; header_font_size_phone=&#8221;&#8221; header_font_size_last_edited=&#8221;on|phone&#8221;]<\/p>\n<h1>Electrical Safety<\/h1>\n<p>[\/et_pb_text][\/et_pb_column][\/et_pb_row][\/et_pb_section][et_pb_section fb_built=&#8221;1&#8243; _builder_version=&#8221;3.23.1&#8243; custom_padding=&#8221;0px||0px|||&#8221; saved_tabs=&#8221;all&#8221;][et_pb_row _builder_version=&#8221;3.25&#8243; width=&#8221;89%&#8221;][et_pb_column type=&#8221;4_4&#8243; _builder_version=&#8221;3.25&#8243; custom_padding=&#8221;|||&#8221; custom_padding__hover=&#8221;|||&#8221;][et_pb_button button_url=&#8221;\/en\/enquiry-form&#8221; button_text=&#8221;Contact us with any questions or for a price quote&#8221; button_alignment=&#8221;right&#8221; _builder_version=&#8221;4.0.5&#8243; custom_button=&#8221;on&#8221; button_text_size=&#8221;16px&#8221; button_text_color=&#8221;#66717e&#8221; button_border_width=&#8221;0px&#8221; button_border_radius=&#8221;0px&#8221; button_icon=&#8221;%%109%%&#8221; button_icon_color=&#8221;#66717e&#8221; button_icon_placement=&#8221;left&#8221; button_on_hover=&#8221;off&#8221; locked=&#8221;off&#8221; button_bg_color__hover_enabled=&#8221;on|hover&#8221; button_bg_color__hover=&#8221;#ffffff&#8221; button_bg_enable_color__hover=&#8221;on&#8221; button_text_color__hover_enabled=&#8221;on|hover&#8221; button_text_color__hover=&#8221;#d1bd5e&#8221; button_icon_color__hover_enabled=&#8221;on|hover&#8221; button_icon_color__hover=&#8221;#d1bd5e&#8221;][\/et_pb_button][et_pb_text _builder_version=&#8221;3.27.4&#8243; text_font=&#8221;||||||||&#8221; link_font=&#8221;||||||||&#8221; link_text_color=&#8221;#7c7c7c&#8221; z_index_tablet=&#8221;500&#8243; text_text_shadow_horizontal_length_tablet=&#8221;0px&#8221; text_text_shadow_vertical_length_tablet=&#8221;0px&#8221; text_text_shadow_blur_strength_tablet=&#8221;1px&#8221; link_text_shadow_horizontal_length_tablet=&#8221;0px&#8221; link_text_shadow_vertical_length_tablet=&#8221;0px&#8221; link_text_shadow_blur_strength_tablet=&#8221;1px&#8221; ul_text_shadow_horizontal_length_tablet=&#8221;0px&#8221; ul_text_shadow_vertical_length_tablet=&#8221;0px&#8221; ul_text_shadow_blur_strength_tablet=&#8221;1px&#8221; ol_text_shadow_horizontal_length_tablet=&#8221;0px&#8221; ol_text_shadow_vertical_length_tablet=&#8221;0px&#8221; ol_text_shadow_blur_strength_tablet=&#8221;1px&#8221; quote_text_shadow_horizontal_length_tablet=&#8221;0px&#8221; quote_text_shadow_vertical_length_tablet=&#8221;0px&#8221; quote_text_shadow_blur_strength_tablet=&#8221;1px&#8221; header_text_shadow_horizontal_length_tablet=&#8221;0px&#8221; header_text_shadow_vertical_length_tablet=&#8221;0px&#8221; header_text_shadow_blur_strength_tablet=&#8221;1px&#8221; header_2_text_shadow_horizontal_length_tablet=&#8221;0px&#8221; header_2_text_shadow_vertical_length_tablet=&#8221;0px&#8221; header_2_text_shadow_blur_strength_tablet=&#8221;1px&#8221; header_3_text_shadow_horizontal_length_tablet=&#8221;0px&#8221; header_3_text_shadow_vertical_length_tablet=&#8221;0px&#8221; header_3_text_shadow_blur_strength_tablet=&#8221;1px&#8221; header_4_text_shadow_horizontal_length_tablet=&#8221;0px&#8221; header_4_text_shadow_vertical_length_tablet=&#8221;0px&#8221; header_4_text_shadow_blur_strength_tablet=&#8221;1px&#8221; header_5_text_shadow_horizontal_length_tablet=&#8221;0px&#8221; header_5_text_shadow_vertical_length_tablet=&#8221;0px&#8221; header_5_text_shadow_blur_strength_tablet=&#8221;1px&#8221; header_6_text_shadow_horizontal_length_tablet=&#8221;0px&#8221; header_6_text_shadow_vertical_length_tablet=&#8221;0px&#8221; header_6_text_shadow_blur_strength_tablet=&#8221;1px&#8221; box_shadow_horizontal_tablet=&#8221;0px&#8221; box_shadow_vertical_tablet=&#8221;0px&#8221; box_shadow_blur_tablet=&#8221;40px&#8221; box_shadow_spread_tablet=&#8221;0px&#8221;]<span><span><a href=\"https:\/\/sktc.evpu.sk\/en\">Home<\/a><\/span><\/span>[\/et_pb_text][\/et_pb_column][\/et_pb_row][\/et_pb_section][et_pb_section fb_built=&#8221;1&#8243; admin_label=&#8221;Project Section 01&#8243; _builder_version=&#8221;3.22.3&#8243; custom_margin=&#8221;0px||&#8221; custom_padding=&#8221;0px|||&#8221; border_color_all=&#8221;#1B2F33&#8243; border_width_left=&#8221;0vw&#8221; border_color_left=&#8221;#545f66&#8243;][et_pb_row admin_label=&#8221;Project Area 01&#8243; module_class=&#8221; et_pb_row_fullwidth&#8221; _builder_version=&#8221;3.25&#8243; width=&#8221;89%&#8221; width_tablet=&#8221;80%&#8221; width_phone=&#8221;&#8221; width_last_edited=&#8221;on|desktop&#8221; max_width_tablet=&#8221;80%&#8221; max_width_phone=&#8221;&#8221; max_width_last_edited=&#8221;on|desktop&#8221; make_fullwidth=&#8221;on&#8221;][et_pb_column type=&#8221;4_4&#8243; _builder_version=&#8221;3.25&#8243; custom_padding=&#8221;|||&#8221; custom_padding__hover=&#8221;|||&#8221;][et_pb_divider color=&#8221;#B8B08D&#8221; divider_position=&#8221;center&#8221; divider_weight=&#8221;3px&#8221; _builder_version=&#8221;3.23.4&#8243; max_width=&#8221;70px&#8221; height=&#8221;0px&#8221; animation_style=&#8221;slide&#8221; animation_direction=&#8221;top&#8221; animation_intensity_slide=&#8221;10%&#8221; animation_starting_opacity=&#8221;100%&#8221;][\/et_pb_divider][et_pb_text _builder_version=&#8221;3.27.4&#8243; text_font=&#8221;||||||||&#8221; animation_style=&#8221;fade&#8221;]Testing laboratories of EVP\u00da a.s. performs electrical safety testing on wide scope of products. This scope includes electrical components, cables, information technology equipment, household appliances, office appliances, industrial appliances, transport vehicles, fire alarms and similar electrical appliances.[\/et_pb_text][\/et_pb_column][\/et_pb_row][\/et_pb_section][et_pb_section fb_built=&#8221;1&#8243; _builder_version=&#8221;3.23.1&#8243; custom_padding=&#8221;2px|||||&#8221;][et_pb_row column_structure=&#8221;1_2,1_2&#8243; module_class=&#8221; et_pb_row_fullwidth&#8221; _builder_version=&#8221;3.25&#8243; width=&#8221;89%&#8221; width_tablet=&#8221;80%&#8221; width_phone=&#8221;&#8221; width_last_edited=&#8221;on|desktop&#8221; max_width_tablet=&#8221;80%&#8221; max_width_phone=&#8221;&#8221; max_width_last_edited=&#8221;on|desktop&#8221;][et_pb_column type=&#8221;1_2&#8243; _builder_version=&#8221;3.25&#8243; custom_padding=&#8221;|||&#8221; custom_padding__hover=&#8221;|||&#8221;][et_pb_image src=&#8221;https:\/\/sktc.evpu.sk\/wp-content\/uploads\/Elektricka-bezpecnost-2-w800.jpg&#8221; force_fullwidth=&#8221;on&#8221; _builder_version=&#8221;3.24.1&#8243; custom_margin=&#8221;||||false&#8221; height__hover_enabled=&#8221;on&#8221;][\/et_pb_image][et_pb_image src=&#8221;https:\/\/sktc.evpu.sk\/wp-content\/uploads\/Elektricka-bezpecnost-4-w800.jpg&#8221; force_fullwidth=&#8221;on&#8221; _builder_version=&#8221;3.24.1&#8243; custom_margin=&#8221;||||false&#8221; height__hover_enabled=&#8221;on&#8221;][\/et_pb_image][\/et_pb_column][et_pb_column type=&#8221;1_2&#8243; _builder_version=&#8221;3.25&#8243; custom_padding=&#8221;|||&#8221; custom_padding__hover=&#8221;|||&#8221;][et_pb_image src=&#8221;https:\/\/sktc.evpu.sk\/wp-content\/uploads\/Elektricka-bezpecnost-5-h600.jpg&#8221; force_fullwidth=&#8221;on&#8221; _builder_version=&#8221;3.24.1&#8243; custom_margin=&#8221;||||false&#8221; height__hover_enabled=&#8221;on&#8221;][\/et_pb_image][et_pb_image src=&#8221;https:\/\/sktc.evpu.sk\/wp-content\/uploads\/Elektricka-bezpecnost-6-h600.jpg&#8221; force_fullwidth=&#8221;on&#8221; _builder_version=&#8221;3.24.1&#8243; custom_margin=&#8221;||||false&#8221; height__hover_enabled=&#8221;on&#8221;][\/et_pb_image][\/et_pb_column][\/et_pb_row][\/et_pb_section][et_pb_section fb_built=&#8221;1&#8243; admin_label=&#8221;Footer&#8221; module_id=&#8221;global-footer&#8221; _builder_version=&#8221;3.24.1&#8243; background_color=&#8221;#66717e&#8221; parallax=&#8221;on&#8221; custom_margin=&#8221;||&#8221; custom_padding=&#8221;||0px&#8221; border_color_all=&#8221;#3b4147&#8243; border_width_right=&#8221;0vw&#8221; saved_tabs=&#8221;all&#8221;][et_pb_row column_structure=&#8221;1_2,1_2&#8243; _builder_version=&#8221;3.25&#8243;][et_pb_column type=&#8221;1_2&#8243; _builder_version=&#8221;3.25&#8243; custom_padding=&#8221;|||&#8221; custom_padding__hover=&#8221;|||&#8221;][et_pb_text _builder_version=&#8221;3.27.4&#8243; text_font=&#8221;||||||||&#8221; background_layout=&#8221;dark&#8221; custom_margin=&#8221;||0px&#8221; custom_padding=&#8221;||0px&#8221;]<\/p>\n<p>Address<\/p>\n<p>[\/et_pb_text][et_pb_divider color=&#8221;#B8B08D&#8221; divider_position=&#8221;center&#8221; divider_weight=&#8221;3px&#8221; _builder_version=&#8221;3.25.3&#8243; max_width=&#8221;70px&#8221; custom_margin=&#8221;0px||10px&#8221; custom_padding=&#8221;||&#8221; animation_style=&#8221;slide&#8221; animation_direction=&#8221;top&#8221; animation_intensity_slide=&#8221;10%&#8221; animation_starting_opacity=&#8221;100%&#8221;][\/et_pb_divider][et_pb_text _builder_version=&#8221;3.27.4&#8243; text_font=&#8221;||||||||&#8221; background_layout=&#8221;dark&#8221; border_color_top=&#8221;#d1caa1&#8243; border_style_top=&#8221;dashed&#8221;]<\/p>\n<p>EVP\u00da, a.s.<br \/> Tren\u010dianska 19<br \/> 018 51 Nov\u00e1 Dubnica<br \/>Slovak Republic<\/p>\n<p>[\/et_pb_text][\/et_pb_column][et_pb_column type=&#8221;1_2&#8243; _builder_version=&#8221;3.25&#8243; custom_padding=&#8221;|||&#8221; custom_padding__hover=&#8221;|||&#8221;][et_pb_text _builder_version=&#8221;3.27.4&#8243; text_font=&#8221;||||||||&#8221; background_layout=&#8221;dark&#8221; custom_margin=&#8221;||0px&#8221; custom_padding=&#8221;||0px&#8221;]<\/p>\n<p>Contact<\/p>\n<p>[\/et_pb_text][et_pb_divider color=&#8221;#B8B08D&#8221; divider_position=&#8221;center&#8221; divider_weight=&#8221;3px&#8221; _builder_version=&#8221;3.25.3&#8243; max_width=&#8221;70px&#8221; custom_margin=&#8221;0px||10px&#8221; custom_padding=&#8221;||&#8221; animation_style=&#8221;slide&#8221; animation_direction=&#8221;top&#8221; animation_intensity_slide=&#8221;10%&#8221; animation_starting_opacity=&#8221;100%&#8221;][\/et_pb_divider][et_pb_text _builder_version=&#8221;3.27.4&#8243; text_font=&#8221;||||||||&#8221; background_layout=&#8221;dark&#8221; border_color_top=&#8221;#d1caa1&#8243; border_style_top=&#8221;dashed&#8221;]<\/p>\n<p>Phone: +421-42-44 03 600<\/p>\n<p>E-mail: sktc101@evpu.sk<\/p>\n<p>[\/et_pb_text][et_pb_code _builder_version=&#8221;3.23.3&#8243;]<script text=\"text\/javascript\"><!-- [et_pb_line_break_holder] -->jQuery(function($){<!-- [et_pb_line_break_holder] -->function stickyFooter(){<!-- [et_pb_line_break_holder] -->var footer = $(\"#global-footer\");<!-- [et_pb_line_break_holder] -->var position = footer.position();<!-- [et_pb_line_break_holder] -->var height = $(window).height();<!-- [et_pb_line_break_holder] -->height = height - position.top;<!-- [et_pb_line_break_holder] -->height = height - footer.outerHeight();<!-- [et_pb_line_break_holder] -->if (height > 0) {<!-- [et_pb_line_break_holder] -->footer.css({'margin-top' : height+'px'});<!-- [et_pb_line_break_holder] -->}<!-- [et_pb_line_break_holder] -->}<!-- [et_pb_line_break_holder] -->stickyFooter();<!-- [et_pb_line_break_holder] -->$(window).resize(function(){<!-- [et_pb_line_break_holder] -->stickyFooter();<!-- [et_pb_line_break_holder] -->});<!-- [et_pb_line_break_holder] -->});<!-- [et_pb_line_break_holder] --><\/script>[\/et_pb_code][\/et_pb_column][\/et_pb_row][et_pb_row _builder_version=&#8221;3.25.3&#8243; background_color=&#8221;#5d6875&#8243; width=&#8221;100%&#8221; max_width=&#8221;100%&#8221;][et_pb_column type=&#8221;4_4&#8243; _builder_version=&#8221;3.25&#8243; custom_padding=&#8221;|||&#8221; custom_padding__hover=&#8221;|||&#8221;][et_pb_text _builder_version=&#8221;3.27.4&#8243; text_font=&#8221;||||||||&#8221; text_orientation=&#8221;center&#8221; background_layout=&#8221;dark&#8221; custom_margin=&#8221;||0px&#8221; custom_padding=&#8221;||0px&#8221; text_font_size_tablet=&#8221;16px&#8221; text_font_size_phone=&#8221;14px&#8221; text_font_size_last_edited=&#8221;on|phone&#8221;]All right reserved EVP\u00da, a.s. Nov\u00e1 Dubnica \u00a9 2019[\/et_pb_text][\/et_pb_column][\/et_pb_row][\/et_pb_section]<\/p>\n","protected":false},"excerpt":{"rendered":"<p>Electrical Safety<span><span><a href=\"https:\/\/sktc.evpu.sk\/en\">Home<\/a><\/span><\/span>Testing laboratories of EVP\u00da a.s. performs electrical safety testing on wide scope of products. This scope includes electrical components, cables, information technology equipment, household appliances, office appliances, industrial appliances, transport vehicles, fire alarms and similar electrical appliances.AddressEVP\u00da, a.s. Tren\u010dianska 19 018 51 Nov\u00e1 DubnicaSlovak RepublicContactPhone: +421-42-44 03 600 E-mail: sktc101@evpu.skAll right reserved EVP\u00da, a.s. [&hellip;]<\/p>\n","protected":false},"author":1,"featured_media":0,"parent":2246,"menu_order":1,"comment_status":"closed","ping_status":"closed","template":"","meta":{"_et_pb_use_builder":"on","_et_pb_old_content":"<!-- wp:divi\/placeholder \/-->","_et_gb_content_width":"","footnotes":""},"class_list":["post-2234","page","type-page","status-publish","hentry"],"_links":{"self":[{"href":"https:\/\/sktc.evpu.sk\/en\/wp-json\/wp\/v2\/pages\/2234","targetHints":{"allow":["GET"]}}],"collection":[{"href":"https:\/\/sktc.evpu.sk\/en\/wp-json\/wp\/v2\/pages"}],"about":[{"href":"https:\/\/sktc.evpu.sk\/en\/wp-json\/wp\/v2\/types\/page"}],"author":[{"embeddable":true,"href":"https:\/\/sktc.evpu.sk\/en\/wp-json\/wp\/v2\/users\/1"}],"replies":[{"embeddable":true,"href":"https:\/\/sktc.evpu.sk\/en\/wp-json\/wp\/v2\/comments?post=2234"}],"version-history":[{"count":5,"href":"https:\/\/sktc.evpu.sk\/en\/wp-json\/wp\/v2\/pages\/2234\/revisions"}],"predecessor-version":[{"id":2785,"href":"https:\/\/sktc.evpu.sk\/en\/wp-json\/wp\/v2\/pages\/2234\/revisions\/2785"}],"up":[{"embeddable":true,"href":"https:\/\/sktc.evpu.sk\/en\/wp-json\/wp\/v2\/pages\/2246"}],"wp:attachment":[{"href":"https:\/\/sktc.evpu.sk\/en\/wp-json\/wp\/v2\/media?parent=2234"}],"curies":[{"name":"wp","href":"https:\/\/api.w.org\/{rel}","templated":true}]}}